{"id":227,"date":"2016-03-04T13:42:40","date_gmt":"2016-03-04T13:42:40","guid":{"rendered":"http:\/\/simonemoke.com\/?page_id=227"},"modified":"2025-01-08T20:29:14","modified_gmt":"2025-01-08T20:29:14","slug":"despre-mine","status":"publish","type":"page","link":"https:\/\/simonemoke.com\/hu\/despre-mine\/","title":{"rendered":"MAGAMR\u00d3L"},"content":{"rendered":"<p>[vc_row full_width=&#8221;stretch_row&#8221; css=&#8221;.vc_custom_1457094564223{background-color: #fcf7f1 !important;}&#8221;][vc_column]<div class=\"sc_content content_wrap\"><div class=\"columns_wrap sc_columns columns_nofluid autoheight sc_columns_count_12\"><div class=\"column-5_12 sc_column_item sc_column_item_1 odd first span_5\"><div class=\"sc_column_item_inner\" style=\"background-image:url(https:\/\/simonemoke.com\/wp-content\/uploads\/2018\/05\/0110.18-03-20-A-E.jpg);background-repeat:no-repeat;background-size:cover;background-position:top center\">[vc_empty_space height=&#8221;400px&#8221;]<\/div><\/div><div class=\"column-7_12 sc_column_item sc_column_item_6 even span_7\"><div class=\"sc_section sc_section_block margin_left_large alignleft\"><div class=\"sc_section_inner\"><div class=\"sc_section_content_wrap\"><h1 class=\"sc_title sc_title_regular\"><\/p>\n<p>Simon Em\u0151ke<\/h1>[vc_custom_heading text=&#8221; Klinikai pszichol\u00f3gus, Pszichoterapeuta Szatm\u00e1rn\u00e9meti&#8221; font_container=&#8221;tag:h2|font_size:23px|text_align:left&#8221; use_theme_fonts=&#8221;yes&#8221;][vc_column_text][\/vc_column_text]<\/div><\/div><\/div><\/div><\/div><\/div>[vc_row_inner][vc_column_inner css=&#8221;.vc_custom_1523434821887{margin-top: 80px !important;}&#8221;][vc_custom_heading text=&#8221;Tags\u00e1gok&#8221; font_container=&#8221;tag:h2|font_size:3.666em|text_align:center&#8221; use_theme_fonts=&#8221;yes&#8221;][vc_column_text]<\/p>\n<ul>\n<li><strong>Rom\u00e1niai Pszichol\u00f3gusok Koll\u00e9giuma &#8211;<\/strong>\u00a02013 \u00f3ta<\/li>\n<li><strong>Pszichol\u00f3gia \u00e9s Pszichoter\u00e1pia Multikultur\u00e1lis Egyes\u00fclete &#8211;\u00a0<\/strong>2012 \u00f3ta<\/li>\n<li><strong>Rom\u00e1n Klinikai Hipn\u00f3zis, Relax\u00e1ci\u00f3 \u00e9s Ericksoni Ter\u00e1pia Egyes\u00fclet &#8211;\u00a0\u00a0<\/strong>2013 \u00f3ta<\/li>\n<li><strong>Rom\u00e1n Integrat\u00edv Pszichoter\u00e1pi\u00e1s Int\u00e9zet &#8211;\u00a0<\/strong>2013 \u00f3ta<\/li>\n<li><strong>EMDR<\/strong> &#8211; 2019 \u00f3ta<\/li>\n<\/ul>\n<p>[\/vc_column_text][vc_custom_heading text=&#8221;Szakir\u00e1ny\u00fa tov\u00e1bbk\u00e9pz\u00e9sek&#8221; font_container=&#8221;tag:h2|font_size:3.666em|text_align:center&#8221; use_theme_fonts=&#8221;yes&#8221;][vc_column_text]<\/p>\n<ul>\n<li><strong>Csal\u00e1dter\u00e1pia &#8211;\u00a0<\/strong>Pszichol\u00f3gia \u00e9s Pszichoter\u00e1pia Multikultur\u00e1lis Egyes\u00fclete (AMPP)<\/li>\n<\/ul>\n<ul>\n<li><strong>Ericksoni Hipnoter\u00e1pia &#8211;\u00a0<\/strong>Rom\u00e1n Klinikai Hipn\u00f3zis, Relax\u00e1ci\u00f3 \u00e9s Ericksoni Ter\u00e1pia Egyes\u00fclet (ARHTE)<\/li>\n<\/ul>\n<ul>\n<li><strong>Klinikai Pszichol\u00f3gia &#8211;\u00a0<\/strong>Rom\u00e1n Integrat\u00edv Pszichoter\u00e1pi\u00e1s Int\u00e9zet (IRPI)<\/li>\n<li><strong>EMDR ter\u00e1pia<\/strong> &#8211;\u00a0 EMDR (Eye Movemement Desensitization and Reprocessing) Europe<\/li>\n<\/ul>\n<p>[\/vc_column_text][vc_custom_heading text=&#8221;T\u00e1borok, Workshop-ok, Ny\u00e1ri Iskol\u00e1k&#8221; font_container=&#8221;tag:h2|font_size:3.666em|text_align:center&#8221; use_theme_fonts=&#8221;yes&#8221;][vc_column_text]<\/p>\n<ul>\n<li><strong>\u201eA Genogram utaz\u00e1sa\u201d \u2013 Monica McGoldrick (USA) \u2013<\/strong> 2013 Bukarest<\/li>\n<li><strong>Klinikai Hipn\u00f3zis \u00e9s Ericksoni Ter\u00e1pia Nemzetk\u00f6zi T\u00e1bor \u2013 H\u00e1la edz\u00e9s \u2013 <\/strong>2015 Temesv\u00e1r<\/li>\n<li><strong>Ny\u00e1ri Iskola \u2013 Pszichol\u00f3gia \u00e9s Pszichoter\u00e1pia Multikultur\u00e1lis Egyes\u00fclete \u2013 <\/strong>2015 Szaplonca<\/li>\n<li><strong>IMAGO M\u0171hely P\u00e1roknak \u2013 Harville Hendrix \u00e9s Helent Hunt (USA) \u2013 <\/strong>2015 Bukarest<\/li>\n<li><strong>IMAGO M\u0171hely Sz\u00fcl\u0151knek \u2013 Harville Hendrix \u00e9s Helent Hunt (USA) \u2013 <\/strong>2015 Bukarest<\/li>\n<li><strong>Ny\u00e1ri Iskola \u2013 Pszichol\u00f3gia \u00e9s Pszichoter\u00e1pia Multikultur\u00e1lis Egyes\u00fclete \u2013 <\/strong>2016 Brass\u00f3<\/li>\n<li><strong>\u201eHogyan n\u00f6vekedhet\u00fcnk egy trauma ut\u00e1n?\u201d \u2013 Vargha Jen\u0151 L\u00e1szl\u00f3 \u2013 <\/strong>2017 Kolozsv\u00e1r<\/li>\n<li><strong>Bilol\u00f3giai\/szomatikus dimenzi\u00f3 felt\u00e1r\u00e1sa a klinikai pszichol\u00f3gi\u00e1ban \u00e9s az integrat\u00edv pszichoter\u00e1pi\u00e1ban\u2013 IRPI<\/strong>\u00a0\u2013 2018 \u2013 Nagyb\u00e1nya<\/li>\n<li><strong>Klinikai Hipn\u00f3zis \u00e9s Ericksoni Ter\u00e1pia Nemzetk\u00f6zi T\u00e1bor \u2013<\/strong> A neh\u00e9z \u00e9rz\u00e9sek hipnoter\u00e1pi\u00e1ja\u00a0 &#8211; 2018 &#8211; Brass\u00f3<\/li>\n<li><strong>\u00a0EMDR<\/strong>\u00a0 alaptr\u00e9ning, I. szint\u00a0(szemmozg\u00e1sokkal t\u00f6rt\u00e9n\u0151 deszenzitiz\u00e1l\u00e1s \u00e9s \u00fajrafeldolgoz\u00e1s) Anabel Gonzalez \u2013\u00a0 2019 \u2013 Temesv\u00e1r<\/li>\n<li><strong>N\u00e1rcisztikus szem\u00e9lyis\u00e9gzavar<\/strong>\u00a0\u2013 cu\u00a0Dr. B\u00e1nki Gy\u00f6rgy, Dr. Halmai Tam\u00e1s \u2013 2019- Budapest<\/li>\n<li><strong>\u00a0EMDR\u00a0 <\/strong>tr\u00e9ning,\u00a0 II. szint (szemmozg\u00e1sokkal t\u00f6rt\u00e9n\u0151 deszenzitiz\u00e1l\u00e1s \u00e9s \u00fajrafeldolgoz\u00e1s) Anabel Gonzalez \u2013\u00a0 2020<\/li>\n<li><strong>A szem\u00e9lyis\u00e9g egy\u00e9ni felm\u00e9r\u00e9se &#8211; a norm\u00e1list\u00f3l a patol\u00f3gi\u00e1sig<\/strong> &#8211; Constantin Ticu &#8211; 2020 &#8211; Szatm\u00e1rn\u00e9meti<\/li>\n<\/ul>\n<p>[\/vc_column_text][\/vc_column_inner][\/vc_row_inner][\/vc_column][\/vc_row][vc_row full_width=&#8221;stretch_row&#8221;][vc_column][\/vc_column][\/vc_row]<\/p>","protected":false},"excerpt":{"rendered":"<p>[vc_row full_width=&#8221;stretch_row&#8221; css=&#8221;.vc_custom_1457094564223{background-color: #fcf7f1 !important;}&#8221;][vc_column][vc_row_inner][vc_column_inner css=&#8221;.vc_custom_1523434821887{margin-top: 80px !important;}&#8221;][vc_custom_heading text=&#8221;Tags\u00e1gok&#8221; font_container=&#8221;tag:h2|font_size:3.666em|text_align:center&#8221; use_theme_fonts=&#8221;yes&#8221;][vc_column_text] Rom\u00e1niai Pszichol\u00f3gusok Koll\u00e9giuma &#8211;\u00a02013 \u00f3ta Pszichol\u00f3gia \u00e9s Pszichoter\u00e1pia Multikultur\u00e1lis Egyes\u00fclete &#8211;\u00a02012 \u00f3ta Rom\u00e1n Klinikai Hipn\u00f3zis, Relax\u00e1ci\u00f3 \u00e9s Ericksoni Ter\u00e1pia Egyes\u00fclet &#8211;\u00a0\u00a02013 \u00f3ta Rom\u00e1n Integrat\u00edv Pszichoter\u00e1pi\u00e1s Int\u00e9zet &#8211;\u00a02013 \u00f3ta EMDR &#8211; 2019 \u00f3ta [\/vc_column_text][vc_custom_heading text=&#8221;Szakir\u00e1ny\u00fa tov\u00e1bbk\u00e9pz\u00e9sek&#8221; font_container=&#8221;tag:h2|font_size:3.666em|text_align:center&#8221; use_theme_fonts=&#8221;yes&#8221;][vc_column_text] Csal\u00e1dter\u00e1pia &#8211;\u00a0Pszichol\u00f3gia \u00e9s Pszichoter\u00e1pia Multikultur\u00e1lis Egyes\u00fclete (AMPP) [&hellip;]<\/p>\n","protected":false},"author":1,"featured_media":0,"parent":0,"menu_order":0,"comment_status":"closed","ping_status":"closed","template":"","meta":{"_bbp_topic_count":0,"_bbp_reply_count":0,"_bbp_total_topic_count":0,"_bbp_total_reply_count":0,"_bbp_voice_count":0,"_bbp_anonymous_reply_count":0,"_bbp_topic_count_hidden":0,"_bbp_reply_count_hidden":0,"_bbp_forum_subforum_count":0,"footnotes":""},"class_list":["post-227","page","type-page","status-publish","hentry"],"_links":{"self":[{"href":"https:\/\/simonemoke.com\/hu\/wp-json\/wp\/v2\/pages\/227","targetHints":{"allow":["GET"]}}],"collection":[{"href":"https:\/\/simonemoke.com\/hu\/wp-json\/wp\/v2\/pages"}],"about":[{"href":"https:\/\/simonemoke.com\/hu\/wp-json\/wp\/v2\/types\/page"}],"author":[{"embeddable":true,"href":"https:\/\/simonemoke.com\/hu\/wp-json\/wp\/v2\/users\/1"}],"replies":[{"embeddable":true,"href":"https:\/\/simonemoke.com\/hu\/wp-json\/wp\/v2\/comments?post=227"}],"version-history":[{"count":82,"href":"https:\/\/simonemoke.com\/hu\/wp-json\/wp\/v2\/pages\/227\/revisions"}],"predecessor-version":[{"id":1377,"href":"https:\/\/simonemoke.com\/hu\/wp-json\/wp\/v2\/pages\/227\/revisions\/1377"}],"wp:attachment":[{"href":"https:\/\/simonemoke.com\/hu\/wp-json\/wp\/v2\/media?parent=227"}],"curies":[{"name":"wp","href":"https:\/\/api.w.org\/{rel}","templated":true}]}}