{"id":220,"date":"2016-03-04T08:37:00","date_gmt":"2016-03-04T08:37:00","guid":{"rendered":"http:\/\/simonemoke.com\/?page_id=220"},"modified":"2026-01-27T11:53:27","modified_gmt":"2026-01-27T11:53:27","slug":"tarife","status":"publish","type":"page","link":"https:\/\/simonemoke.com\/hu\/tarife\/","title":{"rendered":"\u00c1rak"},"content":{"rendered":"<p><strong><strong>EGY\u00c9NI PSZICHOTER\u00c1PIA<\/strong><\/p>\n\n\n\n<p>Az \u00fcl\u00e9s d\u00edja 200 lej (50 perc).<\/p>\n\n\n\n<p><strong>P\u00c1R- \u00c9S CSAL\u00c1DTER\u00c1PIA<\/strong><\/p>\n\n\n\n<p>300 lej\/ \u00fcl\u00e9s ( 50 perc)<\/p>\n\n\n\n<p><strong>ONLINE EGY\u00c9NI PSZICHOTER\u00c1PIA<\/strong> <\/p>\n\n\n\n<p>200 lej \/ \u00fcl\u00e9s<\/p>\n\n\n\n<p>LEMOND\u00c1SI FELT\u00c9TELEK <\/p>\n\n\n\n<p><strong>Az \u00fcl\u00e9s lemond\u00e1s\u00e1t legk\u00e9s\u0151bb az id\u0151pont el\u0151tt 24 \u00f3r\u00e1val el\u0151re jelezze, ellenkez\u0151 esetben, a kliens k\u00f6teles kifizetni az \u00fcl\u00e9s \u00e1r\u00e1t, amit a k\u00f6vetkez\u0151 alkalommal tesz meg.<\/strong><\/p>\n\n\n\n<p><\/p>","protected":false},"excerpt":{"rendered":"<p>EGY\u00c9NI PSZICHOTER\u00c1PIA Az \u00fcl\u00e9s d\u00edja 200 lej (50 perc). P\u00c1R- \u00c9S CSAL\u00c1DTER\u00c1PIA 300 lej\/ \u00fcl\u00e9s ( 50 perc) ONLINE EGY\u00c9NI PSZICHOTER\u00c1PIA 200 lej \/ \u00fcl\u00e9s LEMOND\u00c1SI FELT\u00c9TELEK Az \u00fcl\u00e9s lemond\u00e1s\u00e1t legk\u00e9s\u0151bb az id\u0151pont el\u0151tt 24 \u00f3r\u00e1val el\u0151re jelezze, ellenkez\u0151 esetben, a kliens k\u00f6teles kifizetni az \u00fcl\u00e9s \u00e1r\u00e1t, amit a k\u00f6vetkez\u0151 alkalommal tesz meg.<\/p>\n","protected":false},"author":1,"featured_media":0,"parent":0,"menu_order":0,"comment_status":"closed","ping_status":"closed","template":"","meta":{"_bbp_topic_count":0,"_bbp_reply_count":0,"_bbp_total_topic_count":0,"_bbp_total_reply_count":0,"_bbp_voice_count":0,"_bbp_anonymous_reply_count":0,"_bbp_topic_count_hidden":0,"_bbp_reply_count_hidden":0,"_bbp_forum_subforum_count":0,"footnotes":""},"class_list":["post-220","page","type-page","status-publish","hentry"],"_links":{"self":[{"href":"https:\/\/simonemoke.com\/hu\/wp-json\/wp\/v2\/pages\/220","targetHints":{"allow":["GET"]}}],"collection":[{"href":"https:\/\/simonemoke.com\/hu\/wp-json\/wp\/v2\/pages"}],"about":[{"href":"https:\/\/simonemoke.com\/hu\/wp-json\/wp\/v2\/types\/page"}],"author":[{"embeddable":true,"href":"https:\/\/simonemoke.com\/hu\/wp-json\/wp\/v2\/users\/1"}],"replies":[{"embeddable":true,"href":"https:\/\/simonemoke.com\/hu\/wp-json\/wp\/v2\/comments?post=220"}],"version-history":[{"count":95,"href":"https:\/\/simonemoke.com\/hu\/wp-json\/wp\/v2\/pages\/220\/revisions"}],"predecessor-version":[{"id":1424,"href":"https:\/\/simonemoke.com\/hu\/wp-json\/wp\/v2\/pages\/220\/revisions\/1424"}],"wp:attachment":[{"href":"https:\/\/simonemoke.com\/hu\/wp-json\/wp\/v2\/media?parent=220"}],"curies":[{"name":"wp","href":"https:\/\/api.w.org\/{rel}","templated":true}]}}