{"id":149,"date":"2016-03-03T12:29:18","date_gmt":"2016-03-03T12:29:18","guid":{"rendered":"http:\/\/simonemoke.com\/?page_id=149"},"modified":"2021-01-18T13:26:20","modified_gmt":"2021-01-18T13:26:20","slug":"home-1","status":"publish","type":"page","link":"https:\/\/simonemoke.com\/hu\/","title":{"rendered":"F\u0150OLDAL"},"content":{"rendered":"<p>[vc_row][vc_column]<div id=\"sc_services_2025961327_wrap\" class=\"sc_services_wrap\"><div id=\"sc_services_2025961327\" class=\"sc_services sc_services_style_services-1 sc_services_type_images  cd_accent1_hover margin_top_huge margin_bottom_huge\" style=\"width:100%;\"><div class=\"sc_slider_swiper swiper-slider-container sc_slider_nopagination sc_slider_controls sc_slider_controls_bottom\" data-interval=\"7144\" data-slides-per-view=\"4\" data-slides-min-width=\"250\"><div class=\"slides swiper-wrapper\"><div class=\"swiper-slide\" data-style=\"width:100%;\" style=\"width:100%;\"><div class=\"sc_services_item_wrap\">\t\t\t<div id=\"sc_services_2025961327_1\"\t\t\t\tclass=\"sc_services_item sc_services_item_1 odd first\"\n\t\t\t\t>\n\t\t\t\t\t\t\t\t\t<div class=\"sc_services_item_featured post_featured\">\n\t\t\t\t\t\t\t<div class=\"post_thumb\" data-image=\"https:\/\/simonemoke.com\/wp-content\/uploads\/2016\/03\/IMG_20180510_191348.png\" data-title=\"EGY\u00c9NI TER\u00c1PIA\">\n\t<a class=\"hover_icon hover_icon_link\" href=\"https:\/\/simonemoke.com\/hu\/services\/psihoterapie-individuala\/\"><img loading=\"lazy\" decoding=\"async\" class=\"wp-post-image\" width=\"370\" height=\"370\" alt=\"EGY\u00c9NI TER\u00c1PIA\" src=\"https:\/\/simonemoke.com\/wp-content\/uploads\/2016\/03\/IMG_20180510_191348-370x370.png\"><\/a>\t<\/div>\n\t\t\t\t\t\t<\/div>\n\t\t\t\t\t\t\t\t\t<div class=\"sc_services_item_content\">\n\t\t\t\t\t<h4 class=\"sc_services_item_title\"><a href=\"https:\/\/simonemoke.com\/hu\/services\/psihoterapie-individuala\/\">EGY\u00c9NI TER\u00c1PIA<\/a><\/h4>\n\t\t\t\t\t<div class=\"sc_services_item_description\">\n\t\t\t\t\t\t<p>\u2666\u00a0p\u00e1nikroham \u2666\u00a0f\u00f3bia \u2666\u00a0szorong\u00e1s \u2666\u00a0alkohol \u00e9s drogf\u00fcgg\u0151s\u00e9g \u2666\u00a0depresszi\u00f3 \u2666\u00a0j\u00e1t\u00e9kf\u00fcgg\u0151s\u00e9g \u2666\u00a0kommunik\u00e1ci\u00f3s neh\u00e9zs\u00e9g \u2666\u00a0traumatikus \u00e9lm\u00e9ny \u2666\u00a0ev\u00e9si...<\/p>\t\t\t\t\t<\/div>\n\t\t\t\t<\/div>\n\t\t\t<\/div>\n\t\t<\/div><\/div><div class=\"swiper-slide\" data-style=\"width:100%;\" style=\"width:100%;\"><div class=\"sc_services_item_wrap\">\t\t\t<div id=\"sc_services_2025961327_2\"\t\t\t\tclass=\"sc_services_item sc_services_item_2 even\"\n\t\t\t\t>\n\t\t\t\t\t\t\t\t\t<div class=\"sc_services_item_featured post_featured\">\n\t\t\t\t\t\t\t<div class=\"post_thumb\" data-image=\"https:\/\/simonemoke.com\/wp-content\/uploads\/2018\/05\/IMG_20180503_220707.png\" data-title=\"CSAL\u00c1DTER\u00c1PIA\">\n\t<a class=\"hover_icon hover_icon_link\" href=\"https:\/\/simonemoke.com\/hu\/services\/psihoterapia-familiei\/\"><img loading=\"lazy\" decoding=\"async\" class=\"wp-post-image\" width=\"370\" height=\"370\" alt=\"CSAL\u00c1DTER\u00c1PIA\" src=\"https:\/\/simonemoke.com\/wp-content\/uploads\/2018\/05\/IMG_20180503_220707-370x370.png\"><\/a>\t<\/div>\n\t\t\t\t\t\t<\/div>\n\t\t\t\t\t\t\t\t\t<div class=\"sc_services_item_content\">\n\t\t\t\t\t<h4 class=\"sc_services_item_title\"><a href=\"https:\/\/simonemoke.com\/hu\/services\/psihoterapia-familiei\/\">CSAL\u00c1DTER\u00c1PIA<\/a><\/h4>\n\t\t\t\t\t<div class=\"sc_services_item_description\">\n\t\t\t\t\t\t<p>\u2666 p\u00e1rkapcsolati probl\u00e9m\u00e1k \u2666 v\u00e1l\u00e1s \u2666 ev\u00e9si zavarok \u2013 anorexia nervosa, bulimia nervosa \u2666 pszichoakt\u00edv szerekkel val\u00f3 vissza\u00e9l\u00e9s \u2666 szorong\u00e1s \u2666...<\/p>\t\t\t\t\t<\/div>\n\t\t\t\t<\/div>\n\t\t\t<\/div>\n\t\t<\/div><\/div><div class=\"swiper-slide\" data-style=\"width:100%;\" style=\"width:100%;\"><div class=\"sc_services_item_wrap\">\t\t\t<div id=\"sc_services_2025961327_3\"\t\t\t\tclass=\"sc_services_item sc_services_item_3 odd\"\n\t\t\t\t>\n\t\t\t\t\t\t\t\t\t<div class=\"sc_services_item_featured post_featured\">\n\t\t\t\t\t\t\t<div class=\"post_thumb\" data-image=\"https:\/\/simonemoke.com\/wp-content\/uploads\/2018\/05\/IMG_20180505_104642.png\" data-title=\"P\u00c1RTER\u00c1PIA\">\n\t<a class=\"hover_icon hover_icon_link\" href=\"https:\/\/simonemoke.com\/hu\/services\/terapie-de-cuplu\/\"><img loading=\"lazy\" decoding=\"async\" class=\"wp-post-image\" width=\"370\" height=\"370\" alt=\"P\u00c1RTER\u00c1PIA\" src=\"https:\/\/simonemoke.com\/wp-content\/uploads\/2018\/05\/IMG_20180505_104642-370x370.png\"><\/a>\t<\/div>\n\t\t\t\t\t\t<\/div>\n\t\t\t\t\t\t\t\t\t<div class=\"sc_services_item_content\">\n\t\t\t\t\t<h4 class=\"sc_services_item_title\"><a href=\"https:\/\/simonemoke.com\/hu\/services\/terapie-de-cuplu\/\">P\u00c1RTER\u00c1PIA<\/a><\/h4>\n\t\t\t\t\t<div class=\"sc_services_item_description\">\n\t\t\t\t\t\t<p>\u2666 gyakori veszeked\u00e9sek \u2666 szexu\u00e1lis probl\u00e9m\u00e1k \u2666 f\u00e9lt\u00e9kenys\u00e9g \u2666 testi \u00e9s lelki b\u00e1ntalmaz\u00e1s \u2666 h\u0171tlens\u00e9g \u2666 h\u00e1zass\u00e1gra val\u00f3 felk\u00e9sz\u00fcl\u00e9s \u2666 gyermek...<\/p>\t\t\t\t\t<\/div>\n\t\t\t\t<\/div>\n\t\t\t<\/div>\n\t\t<\/div><\/div><div class=\"swiper-slide\" data-style=\"width:100%;\" style=\"width:100%;\"><div class=\"sc_services_item_wrap\">\t\t\t<div id=\"sc_services_2025961327_4\"\t\t\t\tclass=\"sc_services_item sc_services_item_4 even\"\n\t\t\t\t>\n\t\t\t\t\t\t\t\t\t<div class=\"sc_services_item_featured post_featured\">\n\t\t\t\t\t\t\t<div class=\"post_thumb\" data-image=\"https:\/\/simonemoke.com\/wp-content\/uploads\/2016\/03\/IMG_20180505_100604-e1525504380113.png\" data-title=\"PSZICHOTER\u00c1PIA GYERMEKEKNEK (9-12 \u00e9v)\">\n\t<a class=\"hover_icon hover_icon_link\" href=\"https:\/\/simonemoke.com\/hu\/services\/psihoterapie-copii\/\"><img loading=\"lazy\" decoding=\"async\" class=\"wp-post-image\" width=\"370\" height=\"370\" alt=\"PSZICHOTER\u00c1PIA GYERMEKEKNEK (9-12 \u00e9v)\" src=\"https:\/\/simonemoke.com\/wp-content\/uploads\/2016\/03\/IMG_20180505_100604-e1525504380113-370x370.png\"><\/a>\t<\/div>\n\t\t\t\t\t\t<\/div>\n\t\t\t\t\t\t\t\t\t<div class=\"sc_services_item_content\">\n\t\t\t\t\t<h4 class=\"sc_services_item_title\"><a href=\"https:\/\/simonemoke.com\/hu\/services\/psihoterapie-copii\/\">PSZICHOTER\u00c1PIA GYERMEKEKNEK (9-12 \u00e9v)<\/a><\/h4>\n\t\t\t\t\t<div class=\"sc_services_item_description\">\n\t\t\t\t\t\t<p>\u2666 szorong\u00e1s \u2666 f\u00f3bia \u2666 testv\u00e9rf\u00e9lt\u00e9kenys\u00e9g \u2666 iskolai probl\u00e9m\u00e1k \u2666 \u00f6nb\u00e1ntalmaz\u00e1s \u2666 agresszi\u00f3 \u2666 magatart\u00e1szavar \u2666 beilleszked\u00e9si neh\u00e9zs\u00e9gek \u2666...<\/p>\t\t\t\t\t<\/div>\n\t\t\t\t<\/div>\n\t\t\t<\/div>\n\t\t<\/div><\/div><div class=\"swiper-slide\" data-style=\"width:100%;\" style=\"width:100%;\"><div class=\"sc_services_item_wrap\">\t\t\t<div id=\"sc_services_2025961327_5\"\t\t\t\tclass=\"sc_services_item sc_services_item_5 odd\"\n\t\t\t\t>\n\t\t\t\t\t\t\t\t\t<div class=\"sc_services_item_featured post_featured\">\n\t\t\t\t\t\t\t<div class=\"post_thumb\" data-image=\"https:\/\/simonemoke.com\/wp-content\/uploads\/2018\/05\/IMG_20180505_104330-1.png\" data-title=\"KAMASZKORI PSZICHOTER\u00c1PIA\">\n\t<a class=\"hover_icon hover_icon_link\" href=\"https:\/\/simonemoke.com\/hu\/services\/psihoterapie-adolescenti\/\"><img loading=\"lazy\" decoding=\"async\" class=\"wp-post-image\" width=\"370\" height=\"370\" alt=\"KAMASZKORI PSZICHOTER\u00c1PIA\" src=\"https:\/\/simonemoke.com\/wp-content\/uploads\/2018\/05\/IMG_20180505_104330-1-370x370.png\"><\/a>\t<\/div>\n\t\t\t\t\t\t<\/div>\n\t\t\t\t\t\t\t\t\t<div class=\"sc_services_item_content\">\n\t\t\t\t\t<h4 class=\"sc_services_item_title\"><a href=\"https:\/\/simonemoke.com\/hu\/services\/psihoterapie-adolescenti\/\">KAMASZKORI PSZICHOTER\u00c1PIA<\/a><\/h4>\n\t\t\t\t\t<div class=\"sc_services_item_description\">\n\t\t\t\t\t\t<p>\u2666 szorong\u00e1s \u2666 f\u00f3bia \u2666 pszichoszomatikus zavarok \u2666 agresszi\u00f3 \u2666 csal\u00e1di konfliktusok \u2666 p\u00e1nikroham \u2666 pszichoakt\u00edv szerekkel val\u00f3 vissza\u00e9l\u00e9s \u2666...<\/p>\t\t\t\t\t<\/div>\n\t\t\t\t<\/div>\n\t\t\t<\/div>\n\t\t<\/div><\/div><div class=\"swiper-slide\" data-style=\"width:100%;\" style=\"width:100%;\"><div class=\"sc_services_item_wrap\">\t\t\t<div id=\"sc_services_2025961327_6\"\t\t\t\tclass=\"sc_services_item sc_services_item_6 even\"\n\t\t\t\t>\n\t\t\t\t\t\t\t\t\t<div class=\"sc_services_item_featured post_featured\">\n\t\t\t\t\t\t\t<div class=\"post_thumb\" data-image=\"https:\/\/simonemoke.com\/wp-content\/uploads\/2016\/03\/IMG_20180508_001644.png\" data-title=\"KLINIKAI HIPN\u00d3ZIS \u00c9S RELAX\u00c1CI\u00d3S TECHNIK\u00c1K\">\n\t<a class=\"hover_icon hover_icon_link\" href=\"https:\/\/simonemoke.com\/hu\/services\/hipnoza-clinica-relaxare\/\"><img loading=\"lazy\" decoding=\"async\" class=\"wp-post-image\" width=\"370\" height=\"370\" alt=\"KLINIKAI HIPN\u00d3ZIS \u00c9S RELAX\u00c1CI\u00d3S TECHNIK\u00c1K\" src=\"https:\/\/simonemoke.com\/wp-content\/uploads\/2016\/03\/IMG_20180508_001644-370x370.png\"><\/a>\t<\/div>\n\t\t\t\t\t\t<\/div>\n\t\t\t\t\t\t\t\t\t<div class=\"sc_services_item_content\">\n\t\t\t\t\t<h4 class=\"sc_services_item_title\"><a href=\"https:\/\/simonemoke.com\/hu\/services\/hipnoza-clinica-relaxare\/\">KLINIKAI HIPN\u00d3ZIS \u00c9S RELAX\u00c1CI\u00d3S TECHNIK\u00c1K<\/a><\/h4>\n\t\t\t\t\t<div class=\"sc_services_item_description\">\n\t\t\t\t\t\t<p>\u2666 szorong\u00e1s \u2666 f\u00f3bia \u2666 depresszi\u00f3 \u2666 poszttraum\u00e1s stressz szindr\u00f3ma \u2666 alv\u00e1szavarok \u2666 d\u00f6nt\u00e9sek meghozatala \u2666 f\u00e1jdalomcsillap\u00edt\u00e1s \u2666 immunrendszer...<\/p>\t\t\t\t\t<\/div>\n\t\t\t\t<\/div>\n\t\t\t<\/div>\n\t\t<\/div><\/div><\/div><div class=\"sc_slider_controls_wrap\"><a class=\"sc_slider_prev\" href=\"#\"><\/a><a class=\"sc_slider_next\" href=\"#\"><\/a><\/div><div class=\"sc_slider_pagination_wrap\"><\/div><\/div><\/div><!-- \/.sc_services --><\/div><!-- \/.sc_services_wrap -->[\/vc_column][\/vc_row][vc_row full_width=&#8221;stretch_row&#8221; css=&#8221;.vc_custom_1457094564223{background-color: #fcf7f1 !important;}&#8221;][vc_column]<div class=\"sc_content content_wrap\"><div class=\"columns_wrap sc_columns columns_nofluid autoheight sc_columns_count_12\"><div class=\"column-5_12 sc_column_item sc_column_item_1 odd first span_5\"><div class=\"sc_column_item_inner\" style=\"background-image:url(https:\/\/simonemoke.com\/wp-content\/uploads\/2016\/03\/about_me.jpg);background-repeat:no-repeat;background-size:cover;background-position:top center\">[vc_empty_space height=&#8221;150px&#8221;]<\/div><\/div><div class=\"column-7_12 sc_column_item sc_column_item_6 even span_7\"><div class=\"sc_section sc_section_block margin_left_large alignleft\"><div class=\"sc_section_inner\"><div class=\"sc_section_content_wrap\">[vc_column_text]<\/p>\n<p>K\u00fcldet\u00e9s\u00fcnk az \u00e9letben, megtal\u00e1lni az Igazi \u00c9n\u00fcnket! Ez a legnehezebb feladatunk, de en\u00e9lk\u00fcl, az \u00e9let\u00fcnk nem teljes. Am\u00edg m\u00e1sok \u00e9let\u00e9t \u00e9lj\u00fck, addig nem is igaz\u00e1n \u00e9l\u00fcnk. Megtanuljuk valamikor, hogyan kell megfeleln\u00fcnk m\u00e1soknak, azt viszont nem, hogyan felelj\u00fcnk meg \u00f6nmagunknak.<\/p>\n<p>Ebben tudok \u00e9n seg\u00edteni! R\u00e1tal\u00e1lni hiteles \u00f6nmagunkra, felemel\u0151, rendk\u00edv\u00fcli \u00e9rz\u00e9s, de az oda vezet\u0151 \u00fat is lehet csodasz\u00e9p! F\u0151leg, ha nem egyed\u00fcl kell megtenni.<\/p>\n<h5 style=\"text-align: right;\">Simon Em\u0151ke<\/h5>\n<p style=\"text-align: right;\">Klinikai pszichol\u00f3gus, Pszichoterapeuta Szatm\u00e1rn\u00e9meti<\/p>\n<p>[\/vc_column_text][vc_empty_space height=&#8221;150px&#8221;]<\/div><\/div><\/div><\/div><\/div><\/div>[\/vc_column][\/vc_row][vc_row][vc_column][vc_column_text][\/vc_column_text][\/vc_column][\/vc_row][vc_row][vc_column][vc_column_text][\/vc_column_text][\/vc_column][\/vc_row][vc_row full_width=&#8221;stretch_row&#8221; inverse=&#8221;&#8221; css=&#8221;.vc_custom_1526730508035{background-color: #3baceb !important;background-position: center !important;background-repeat: no-repeat !important;background-size: cover !important;}&#8221;][vc_column]<div class=\"columns_wrap sc_columns columns_nofluid sc_columns_count_12 col468_100p \"><div class=\"column-7_12 sc_column_item sc_column_item_1 odd first span_7\"><h1 class=\"sc_title sc_title_regular sc_align_left margin_top_huge margin_bottom_null\" style=\"text-align:left;color:#ffffff;\">K\u00e9rj egy id\u0151pontot!\u00a0\u00a0 <\/h1><div  id=\"sc_form_435716692_wrap\" class=\"sc_form_wrap scheme_light\"><div  id=\"sc_form_435716692\" class=\"sc_form sc_form_style_form_1 aligncenter margin_top_small margin_bottom_huge\">\t\t<form  id=\"sc_form_435716692_form\" data-formtype=\"form_1\" method=\"post\" action=\"https:\/\/simonemoke.com\/wp-admin\/admin-ajax.php\">\n\t\t\t<input type=\"hidden\" name=\"return_url\" value=\"https:\/\/simonemoke.com\/hu\/\">\t\t\t<div class=\"sc_form_info\">\n\t\t\t\t<div class=\"columns_wrap sc_columns columns_nofluid sc_columns_count_3\">\n\t\t\t\t\t<div class=\"column-1_3 sc_column_item sc_column_item_1 odd first\">\n\t\t\t\t\t\t<div class=\"sc_form_item sc_form_field label_over\"><label class=\"required\" for=\"sc_form_username\">N\u00e9v<\/label><input id=\"sc_form_username\" type=\"text\" name=\"username\" placeholder=\"N\u00e9v *\"><\/div>\n\t\t\t\t\t<\/div><div class=\"column-1_3 sc_column_item sc_column_item_2 even\">\n\t\t\t\t\t\t<div class=\"sc_form_item sc_form_field label_over\"><label class=\"required\" for=\"sc_form_email\">E-mail<\/label><input id=\"sc_form_email\" type=\"text\" name=\"email\" placeholder=\"E-mail *\"><\/div>\n\t\t\t\t\t<\/div><div class=\"column-1_3 sc_column_item sc_column_item_3 odd\">\n\t\t\t\t\t\t<div class=\"sc_form_item sc_form_field label_over\"><label class=\"required\" for=\"sc_form_subj\">T\u00e1rgy<\/label><input id=\"sc_form_subj\" type=\"text\" name=\"subject\" placeholder=\"T\u00e1rgy\"><\/div>\n\t\t\t\t\t<\/div>\n\t\t\t\t<\/div>\n\t\t\t<\/div>\n\t\t\t<div class=\"sc_form_item sc_form_message label_over\"><label class=\"required\" for=\"sc_form_message\">\u00dczenet<\/label><textarea id=\"sc_form_message\" name=\"message\" placeholder=\"\u00dczenet\"><\/textarea><\/div>\n\t\t\t<div class=\"sc_form_item sc_form_button\"><button>K\u00fcld\u00e9s<\/button><\/div>\n\t\t\t<div class=\"result sc_infobox\"><\/div>\n\t\t<\/form>\n\t\t<\/div><\/div><\/div><div class=\"column-5_12 sc_column_item sc_column_item_8 even span_5\"><\/div><\/div>[\/vc_column][\/vc_row]<\/p>","protected":false},"excerpt":{"rendered":"<p>[vc_row][vc_column][\/vc_column][\/vc_row][vc_row full_width=&#8221;stretch_row&#8221; css=&#8221;.vc_custom_1457094564223{background-color: #fcf7f1 !important;}&#8221;][vc_column][\/vc_column][\/vc_row][vc_row][vc_column][vc_column_text][\/vc_column_text][\/vc_column][\/vc_row][vc_row][vc_column][vc_column_text][\/vc_column_text][\/vc_column][\/vc_row][vc_row full_width=&#8221;stretch_row&#8221; inverse=&#8221;&#8221; css=&#8221;.vc_custom_1526730508035{background-color: #3baceb !important;background-position: center !important;background-repeat: no-repeat !important;background-size: cover !important;}&#8221;][vc_column][\/vc_column][\/vc_row]<\/p>\n","protected":false},"author":1,"featured_media":0,"parent":0,"menu_order":0,"comment_status":"closed","ping_status":"closed","template":"","meta":{"_bbp_topic_count":0,"_bbp_reply_count":0,"_bbp_total_topic_count":0,"_bbp_total_reply_count":0,"_bbp_voice_count":0,"_bbp_anonymous_reply_count":0,"_bbp_topic_count_hidden":0,"_bbp_reply_count_hidden":0,"_bbp_forum_subforum_count":0,"footnotes":""},"class_list":["post-149","page","type-page","status-publish","hentry"],"_links":{"self":[{"href":"https:\/\/simonemoke.com\/hu\/wp-json\/wp\/v2\/pages\/149","targetHints":{"allow":["GET"]}}],"collection":[{"href":"https:\/\/simonemoke.com\/hu\/wp-json\/wp\/v2\/pages"}],"about":[{"href":"https:\/\/simonemoke.com\/hu\/wp-json\/wp\/v2\/types\/page"}],"author":[{"embeddable":true,"href":"https:\/\/simonemoke.com\/hu\/wp-json\/wp\/v2\/users\/1"}],"replies":[{"embeddable":true,"href":"https:\/\/simonemoke.com\/hu\/wp-json\/wp\/v2\/comments?post=149"}],"version-history":[{"count":99,"href":"https:\/\/simonemoke.com\/hu\/wp-json\/wp\/v2\/pages\/149\/revisions"}],"predecessor-version":[{"id":1389,"href":"https:\/\/simonemoke.com\/hu\/wp-json\/wp\/v2\/pages\/149\/revisions\/1389"}],"wp:attachment":[{"href":"https:\/\/simonemoke.com\/hu\/wp-json\/wp\/v2\/media?parent=149"}],"curies":[{"name":"wp","href":"https:\/\/api.w.org\/{rel}","templated":true}]}}